{"id":2,"date":"2020-09-18T19:01:07","date_gmt":"2020-09-18T22:01:07","guid":{"rendered":"http:\/\/saasbr.com.br\/?page_id=2"},"modified":"2020-12-03T16:16:19","modified_gmt":"2020-12-03T18:16:19","slug":"service-now","status":"publish","type":"page","link":"http:\/\/saasbr.com.br\/?page_id=2","title":{"rendered":"ServiceNow"},"content":{"rendered":"\n<p>A ServiceNow \u00e9 uma empresa de software americana que oferece uma plataforma de automa\u00e7\u00e3o de fluxos de trabalhos baseados em nuvem que permite que organiza\u00e7\u00f5es corporativas melhorem a efici\u00eancia operacional ao simplificar e automatizar tarefas de trabalho do dia-a-dia.<\/p>\n\n\n\n<p>Com ra\u00edzes no gerenciamento de servi\u00e7os de TI, o ServiceNow evoluiu para se tornar uma completa plataforma de gerenciamento de servi\u00e7os corporativos para as organiza\u00e7\u00f5es, unindo fun\u00e7\u00f5es de neg\u00f3cios, atendimento ao cliente, RH, seguran\u00e7a e muito mais.<\/p>\n\n\n\n<p>Com uma plataforma inovadora, completa e vers\u00e1til ela \u00e9 l\u00edder de mercado em seu segmento no Brasil e no mundo sendo uma das raras solu\u00e7\u00f5es que pode mostrar um r\u00e1pido retorno sobre o investimento e continuar a entregar um forte valor conforme a organiza\u00e7\u00e3o expande seu uso.<\/p>\n\n\n\n<p> <\/p><br>\n\n\n\n<h2>SAAS BR<\/h2>\n\n\n\n<p>A SAAS BR foi a primeira empresa na Am\u00e9rica Latina especializada na implementa\u00e7\u00e3o de ServiceNow.<\/p>\n\n\n\n<p>Um time com experi\u00eancia comprovada que desde 2008 apoia e orienta seus clientes a extrair o m\u00e1ximo que a solu\u00e7\u00e3o pode oferecer.<\/p>\n\n\n\n<p>Atrav\u00e9s das melhores pr\u00e1ticas de implementa\u00e7\u00e3o, muita experi\u00eancia e qualidade oferecemos o que h\u00e1 de melhor em servi\u00e7os especializados em ServiceNow:<\/p>\n\n\n\n<div class=\"wp-block-group\"><div class=\"wp-block-group__inner-container\">\n<div class=\"wp-block-image\"><figure class=\"alignright size-large is-resized\"><img loading=\"lazy\" src=\"http:\/\/saasbr.com.br\/wp-content\/uploads\/2020\/11\/metho2.png\" alt=\"\" class=\"wp-image-510\" width=\"268\" height=\"264\"\/><\/figure><\/div>\n<\/div><\/div>\n\n\n\n<div class=\"wp-block-group\"><div class=\"wp-block-group__inner-container\">\n<ul><li>Planejamento e Arquitetura;<\/li><li>Implanta\u00e7\u00e3o<\/li><li>Manuten\u00e7\u00e3o e Suporte;<\/li><li>Administra\u00e7\u00e3o e sustenta\u00e7\u00e3o;<\/li><li>Melhorias Pontuais;<\/li><li>Programa de melhoria cont\u00ednua;<\/li><li>Outsourcing;<\/li><li>F\u00e1brica de software.<\/li><\/ul>\n<\/div><\/div>\n\n\n\n<p><\/p>\n\n\n\n<br><br><br><br><br>\n\n\n\n<h2>Solu\u00e7\u00f5es<\/h2>\n\n\n\n<div class=\"div-lista-solucoes\">\n\t         \n        <div class=\"div-solucoes\">\n            <span class=\"ser-t\">ITSM<\/span><br>\n          IT Service Management\n        <\/div>\n      \n        <div class=\"div-solucoes\">\n\n            <span class=\"ser-t\">SAM<\/span><br>\n          Software Asset Management\n        <\/div>\n\n        \n        <div class=\"div-solucoes\">\n            <span class=\"ser-t\">ITOM<\/span><br>\n          IT Operation Management\n        <\/div>\n\n        <div class=\"div-solucoes\">\n\n            <span class=\"ser-t\">ITBM<\/span><br>\n          IT Business Management\n        <\/div>\n\n        <div class=\"div-solucoes\">\n\n            <span class=\"ser-t\">GRC<\/span><br>\n          Governance, Risk &amp; Compliance\n        <\/div>\n\n        <div class=\"div-solucoes\">\n\n            <span class=\"ser-t\">CSM<\/span><br>\n          Customer Service Management\n        <\/div>\n\n        <div class=\"div-solucoes\">\n\n            <span class=\"ser-t\">FSM<\/span><br>\n          Field Services Management\n        <\/div>\n\n        <div class=\"div-solucoes\">\n\n            <span class=\"ser-t\">HRSD<\/span><br>\n          Human Resources Service Delivery\n        <\/div>\n\n        <div class=\"div-solucoes\">\n            <span class=\"ser-t\">SECOPS<\/span><br>\n          Security Operations\n        <\/div>\n        \n        \n        <div class=\"div-solucoes\">\n            <span class=\"ser-t\">DEVOPS<\/span><br>\n          \n        <\/div>\n\n        \n        <div class=\"div-solucoes\">\n            <span class=\"ser-t\">Safe Workplace<\/span><br>\n          \n        <\/div>\n\n        \n        <div class=\"div-solucoes\">\n            <span class=\"ser-t\">NOW Platform<\/span><br>\n          \n        <\/div>\n\t<\/div>\n\n\n\n<br><br>\n\n\n\n<h2><strong>Casos de Sucesso<\/strong><\/h2>\n\n\n\n<figure class=\"wp-block-gallery columns-3 is-cropped\" id=\"blockCases\">\n\t<ul class=\"blocks-gallery-grid\">\n\t\t<li class=\"blocks-gallery-item\">\n\t\t\t<figure>\n\t\t\t\t<a href=\"http:\/\/saasbr.com.br\/?p=165\"\n\t\t\t\t\t><img width=\"800\" height=\"500\"\n\t\t\t\t\t\tsrc=\"http:\/\/saasbr.com.br\/wp-content\/uploads\/2020\/10\/aerial-800x500-1.jpg\"\n\t\t\t\t\t\talt=\"\"\n\t\t\t\t\t\tdata-id=\"206\"\n\t\t\t\t\t\tdata-full-url=\"http:\/\/saasbr.com.br\/wp-content\/uploads\/2020\/10\/aerial-800x500-1.jpg\"\n\t\t\t\t\t\tdata-link=\"http:\/\/saasbr.com.br\/?p=165\"\n\t\t\t\t\t\tclass=\"wp-image-206\"\n\t\t\t\t srcset=\"http:\/\/saasbr.com.br\/wp-content\/uploads\/2020\/10\/aerial-800x500-1.jpg 800w, http:\/\/saasbr.com.br\/wp-content\/uploads\/2020\/10\/aerial-800x500-1-300x188.jpg 300w, http:\/\/saasbr.com.br\/wp-content\/uploads\/2020\/10\/aerial-800x500-1-768x480.jpg 768w\" sizes=\"(max-width: 800px) 100vw, 800px\" \/><\/a>\n\t\t\t\t<figcaption class=\"blocks-gallery-item__caption\">\n\t\t\t\t\t<a href=\"http:\/\/saasbr.com.br\/?p=165\">Ind\u00fastria<\/a>\n\t\t\t\t<\/figcaption>\n\t\t\t<\/figure>\n\t\t<\/li>\n\t\t<li class=\"blocks-gallery-item\">\n\t\t\t<figure>\n\t\t\t\t<a href=\"http:\/\/saasbr.com.br\/?p=163\"\n\t\t\t\t\t><img width=\"800\" height=\"500\"\n\t\t\t\t\t\tsrc=\"http:\/\/saasbr.com.br\/wp-content\/uploads\/2020\/10\/fidelidade-800x500-1.jpg\"\n\t\t\t\t\t\talt=\"\"\n\t\t\t\t\t\tdata-id=\"327\"\n\t\t\t\t\t\tdata-full-url=\"http:\/\/saasbr.com.br\/wp-content\/uploads\/2020\/10\/fidelidade-800x500-1.jpg\"\n\t\t\t\t\t\tdata-link=\"http:\/\/saasbr.com.br\/index-wp.php\/empresa-do-segmento-de-fidelidade\/fidelidade-800x500\/\"\n\t\t\t\t\t\tclass=\"wp-image-327\"\n\t\t\t\t srcset=\"http:\/\/saasbr.com.br\/wp-content\/uploads\/2020\/10\/fidelidade-800x500-1.jpg 800w, http:\/\/saasbr.com.br\/wp-content\/uploads\/2020\/10\/fidelidade-800x500-1-300x188.jpg 300w, http:\/\/saasbr.com.br\/wp-content\/uploads\/2020\/10\/fidelidade-800x500-1-768x480.jpg 768w\" sizes=\"(max-width: 800px) 100vw, 800px\" \/><\/a>\n\t\t\t\t<figcaption class=\"blocks-gallery-item__caption\">\n\t\t\t\t\t<a href=\"http:\/\/saasbr.com.br\/?p=163\">Empresa do Segmento de Fidelidade<\/a>\n\t\t\t\t<\/figcaption>\n\t\t\t<\/figure>\n\t\t<\/li>\n\t\t<li class=\"blocks-gallery-item\">\n\t\t\t<figure>\n\t\t\t\t<a href=\"http:\/\/saasbr.com.br\/?p=161\"\n\t\t\t\t\t><img width=\"800\" height=\"500\"\n\t\t\t\t\t\tsrc=\"http:\/\/saasbr.com.br\/wp-content\/uploads\/2020\/10\/media-800x500-1.jpg\"\n\t\t\t\t\t\talt=\"\"\n\t\t\t\t\t\tdata-id=\"207\"\n\t\t\t\t\t\tdata-full-url=\"http:\/\/saasbr.com.br\/wp-content\/uploads\/2020\/10\/media-800x500-1.jpg\"\n\t\t\t\t\t\tdata-link=\"http:\/\/saasbr.com.br\/?p=161media-800x500\/\"\n\t\t\t\t\t\tclass=\"wp-image-207\"\n\t\t\t\t srcset=\"http:\/\/saasbr.com.br\/wp-content\/uploads\/2020\/10\/media-800x500-1.jpg 800w, http:\/\/saasbr.com.br\/wp-content\/uploads\/2020\/10\/media-800x500-1-300x188.jpg 300w, http:\/\/saasbr.com.br\/wp-content\/uploads\/2020\/10\/media-800x500-1-768x480.jpg 768w\" sizes=\"(max-width: 800px) 100vw, 800px\" \/><\/a>\n\t\t\t\t<figcaption class=\"blocks-gallery-item__caption\">\n\t\t\t\t\t<a href=\"http:\/\/saasbr.com.br\/?p=161\">Grande Grupo de M\u00eddia<\/a>\n\t\t\t\t<\/figcaption>\n\t\t\t<\/figure>\n\t\t<\/li>\n\t\t<li class=\"blocks-gallery-item\">\n\t\t\t<figure>\n\t\t\t\t<a href=\"http:\/\/saasbr.com.br\/?p=159\"\n\t\t\t\t\t><img width=\"800\" height=\"500\"\n\t\t\t\t\t\tsrc=\"http:\/\/saasbr.com.br\/wp-content\/uploads\/2020\/10\/bank1.jpg\"\n\t\t\t\t\t\talt=\"\"\n\t\t\t\t\t\tdata-id=\"210\"\n\t\t\t\t\t\tdata-full-url=\"http:\/\/saasbr.com.br\/wp-content\/uploads\/2020\/10\/bank1.jpg\"\n\t\t\t\t\t\tdata-link=\"http:\/\/saasbr.com.br\/index-wp.php\/banco-de-varejo\/bank1\/\"\n\t\t\t\t\t\tclass=\"wp-image-210\"\n\t\t\t\t srcset=\"http:\/\/saasbr.com.br\/wp-content\/uploads\/2020\/10\/bank1.jpg 800w, http:\/\/saasbr.com.br\/wp-content\/uploads\/2020\/10\/bank1-300x188.jpg 300w, http:\/\/saasbr.com.br\/wp-content\/uploads\/2020\/10\/bank1-768x480.jpg 768w\" sizes=\"(max-width: 800px) 100vw, 800px\" \/><\/a>\n\t\t\t\t<figcaption class=\"blocks-gallery-item__caption\">\n\t\t\t\t\t<a href=\"http:\/\/saasbr.com.br\/?p=159\">Banco de Varejo<\/a>\n\t\t\t\t<\/figcaption>\n\t\t\t<\/figure>\n\t\t<\/li>\n\t\t<li class=\"blocks-gallery-item\">\n\t\t\t<figure>\n\t\t\t\t<a href=\"http:\/\/saasbr.com.br\/?p=157\"\n\t\t\t\t\t><img width=\"800\" height=\"500\"\n\t\t\t\t\t\tsrc=\"http:\/\/saasbr.com.br\/wp-content\/uploads\/2020\/10\/telecom-800x500-1.jpg\"\n\t\t\t\t\t\talt=\"\"\n\t\t\t\t\t\tdata-id=\"208\"\n\t\t\t\t\t\tdata-full-url=\"http:\/\/saasbr.com.br\/wp-content\/uploads\/2020\/10\/telecom-800x500-1.jpg\"\n\t\t\t\t\t\tdata-link=\"http:\/\/saasbr.com.br\/?p=157telecom-800x500\/\"\n\t\t\t\t\t\tclass=\"wp-image-208\"\n\t\t\t\t srcset=\"http:\/\/saasbr.com.br\/wp-content\/uploads\/2020\/10\/telecom-800x500-1.jpg 800w, http:\/\/saasbr.com.br\/wp-content\/uploads\/2020\/10\/telecom-800x500-1-300x188.jpg 300w, http:\/\/saasbr.com.br\/wp-content\/uploads\/2020\/10\/telecom-800x500-1-768x480.jpg 768w\" sizes=\"(max-width: 800px) 100vw, 800px\" \/><\/a>\n\t\t\t\t<figcaption class=\"blocks-gallery-item__caption\">\n\t\t\t\t\t<a href=\"http:\/\/saasbr.com.br\/?p=157\">Empresa de Telecom<\/a>\n\t\t\t\t<\/figcaption>\n\t\t\t<\/figure>\n\t\t<\/li>\n\t\t<li class=\"blocks-gallery-item\">\n\t\t\t<figure>\n\t\t\t\t<a href=\"http:\/\/saasbr.com.br\/?p=153\"\n\t\t\t\t\t><img width=\"800\" height=\"500\"\n\t\t\t\t\t\tsrc=\"http:\/\/saasbr.com.br\/wp-content\/uploads\/2020\/10\/cosmetics.jpg\"\n\t\t\t\t\t\talt=\"\"\n\t\t\t\t\t\tdata-id=\"209\"\n\t\t\t\t\t\tdata-full-url=\"http:\/\/saasbr.com.br\/wp-content\/uploads\/2020\/10\/cosmetics.jpg\"\n\t\t\t\t\t\tdata-link=\"http:\/\/saasbr.com.br\/?p=153cosmetics\/\"\n\t\t\t\t\t\tclass=\"wp-image-209\"\n\t\t\t\t srcset=\"http:\/\/saasbr.com.br\/wp-content\/uploads\/2020\/10\/cosmetics.jpg 800w, http:\/\/saasbr.com.br\/wp-content\/uploads\/2020\/10\/cosmetics-300x188.jpg 300w, http:\/\/saasbr.com.br\/wp-content\/uploads\/2020\/10\/cosmetics-768x480.jpg 768w\" sizes=\"(max-width: 800px) 100vw, 800px\" \/><\/a>\n\t\t\t\t<figcaption class=\"blocks-gallery-item__caption\">\n\t\t\t\t\t<a href=\"http:\/\/saasbr.com.br\/?p=153\">Empresa de Cosm\u00e9ticos<\/a>\n\t\t\t\t<\/figcaption>\n\t\t\t<\/figure>\n\t\t<\/li>\n\t\t<li class=\"blocks-gallery-item\">\n\t\t\t<figure>\n\t\t\t\t<a href=\"http:\/\/saasbr.com.br\/?p=171\"\n\t\t\t\t\t><img width=\"800\" height=\"500\"\n\t\t\t\t\t\tsrc=\"http:\/\/saasbr.com.br\/wp-content\/uploads\/2020\/10\/managed-800x500-1.jpg\"\n\t\t\t\t\t\talt=\"\"\n\t\t\t\t\t\tdata-id=\"328\"\n\t\t\t\t\t\tdata-full-url=\"http:\/\/saasbr.com.br\/wp-content\/uploads\/2020\/10\/managed-800x500-1.jpg\"\n\t\t\t\t\t\tdata-link=\"http:\/\/saasbr.com.br\/?p=171managed-800x500\/\"\n\t\t\t\t\t\tclass=\"wp-image-328\"\n\t\t\t\t srcset=\"http:\/\/saasbr.com.br\/wp-content\/uploads\/2020\/10\/managed-800x500-1.jpg 800w, http:\/\/saasbr.com.br\/wp-content\/uploads\/2020\/10\/managed-800x500-1-300x188.jpg 300w, http:\/\/saasbr.com.br\/wp-content\/uploads\/2020\/10\/managed-800x500-1-768x480.jpg 768w\" sizes=\"(max-width: 800px) 100vw, 800px\" \/><\/a>\n\t\t\t\t<figcaption class=\"blocks-gallery-item__caption\">\n\t\t\t\t\t<a href=\"http:\/\/saasbr.com.br\/?p=171\">Managed Service Provider<\/a>\n\t\t\t\t<\/figcaption>\n\t\t\t<\/figure>\n\t\t<\/li>\n\t\t<li class=\"blocks-gallery-item\">\n\t\t\t<figure>\n\t\t\t\t<a href=\"http:\/\/saasbr.com.br\/?p=169\"\n\t\t\t\t\t><img width=\"800\" height=\"500\"\n\t\t\t\t\t\tsrc=\"http:\/\/saasbr.com.br\/wp-content\/uploads\/2020\/10\/infra-800x500-1.jpg\"\n\t\t\t\t\t\talt=\"\"\n\t\t\t\t\t\tdata-id=\"204\"\n\t\t\t\t\t\tdata-full-url=\"http:\/\/saasbr.com.br\/wp-content\/uploads\/2020\/10\/infra-800x500-1.jpg\"\n\t\t\t\t\t\tdata-link=\"http:\/\/saasbr.com.br\/?p=169infra-800x500\/\"\n\t\t\t\t\t\tclass=\"wp-image-204\"\n\t\t\t\t srcset=\"http:\/\/saasbr.com.br\/wp-content\/uploads\/2020\/10\/infra-800x500-1.jpg 800w, http:\/\/saasbr.com.br\/wp-content\/uploads\/2020\/10\/infra-800x500-1-300x188.jpg 300w, http:\/\/saasbr.com.br\/wp-content\/uploads\/2020\/10\/infra-800x500-1-768x480.jpg 768w\" sizes=\"(max-width: 800px) 100vw, 800px\" \/><\/a>\n\t\t\t\t<figcaption class=\"blocks-gallery-item__caption\">\n\t\t\t\t\t<a href=\"http:\/\/saasbr.com.br\/?p=169\"\n\t\t\t\t\t\t>Provedor de Infra Estrutura e Servi\u00e7os<\/a\n\t\t\t\t\t>\n\t\t\t\t<\/figcaption>\n\t\t\t<\/figure>\n\t\t<\/li>\n\t\t<li class=\"blocks-gallery-item\">\n\t\t\t<figure>\n\t\t\t\t<a href=\"http:\/\/saasbr.com.br\/?p=159\"\n\t\t\t\t\t><img width=\"800\" height=\"500\"\n\t\t\t\t\t\tsrc=\"http:\/\/saasbr.com.br\/wp-content\/uploads\/2020\/10\/financial-800x500-1.jpg\"\n\t\t\t\t\t\talt=\"\"\n\t\t\t\t\t\tdata-id=\"205\"\n\t\t\t\t\t\tdata-full-url=\"http:\/\/saasbr.com.br\/wp-content\/uploads\/2020\/10\/financial-800x500-1.jpg\"\n\t\t\t\t\t\tdata-link=\"http:\/\/saasbr.com.br\/?p=159financial-800x500\/\"\n\t\t\t\t\t\tclass=\"wp-image-205\"\n\t\t\t\t srcset=\"http:\/\/saasbr.com.br\/wp-content\/uploads\/2020\/10\/financial-800x500-1.jpg 800w, http:\/\/saasbr.com.br\/wp-content\/uploads\/2020\/10\/financial-800x500-1-300x188.jpg 300w, http:\/\/saasbr.com.br\/wp-content\/uploads\/2020\/10\/financial-800x500-1-768x480.jpg 768w\" sizes=\"(max-width: 800px) 100vw, 800px\" \/><\/a>\n\t\t\t\t<figcaption class=\"blocks-gallery-item__caption\">\n\t\t\t\t\t<a href=\"http:\/\/saasbr.com.br\/?p=159\">Banco de Varejo<\/a>\n\t\t\t\t<\/figcaption>\n\t\t\t<\/figure>\n\t\t<\/li>\n\t<\/ul>\n<\/figure>\n\n\n\n\n<p><\/p>\n","protected":false},"excerpt":{"rendered":"<p>A ServiceNow \u00e9 uma empresa de software americana que oferece uma plataforma de automa\u00e7\u00e3o de fluxos de trabalhos baseados em nuvem que permite que organiza\u00e7\u00f5es corporativas melhorem a efici\u00eancia operacional ao simplificar e automatizar tarefas de trabalho do dia-a-dia. Com ra\u00edzes no gerenciamento de servi\u00e7os de TI, o ServiceNow evoluiu para se tornar uma completa [&hellip;]<\/p>\n","protected":false},"author":1,"featured_media":0,"parent":0,"menu_order":0,"comment_status":"closed","ping_status":"open","template":"","meta":[],"_links":{"self":[{"href":"http:\/\/saasbr.com.br\/index.php?rest_route=\/wp\/v2\/pages\/2"}],"collection":[{"href":"http:\/\/saasbr.com.br\/index.php?rest_route=\/wp\/v2\/pages"}],"about":[{"href":"http:\/\/saasbr.com.br\/index.php?rest_route=\/wp\/v2\/types\/page"}],"author":[{"embeddable":true,"href":"http:\/\/saasbr.com.br\/index.php?rest_route=\/wp\/v2\/users\/1"}],"replies":[{"embeddable":true,"href":"http:\/\/saasbr.com.br\/index.php?rest_route=%2Fwp%2Fv2%2Fcomments&post=2"}],"version-history":[{"count":67,"href":"http:\/\/saasbr.com.br\/index.php?rest_route=\/wp\/v2\/pages\/2\/revisions"}],"predecessor-version":[{"id":558,"href":"http:\/\/saasbr.com.br\/index.php?rest_route=\/wp\/v2\/pages\/2\/revisions\/558"}],"wp:attachment":[{"href":"http:\/\/saasbr.com.br\/index.php?rest_route=%2Fwp%2Fv2%2Fmedia&parent=2"}],"curies":[{"name":"wp","href":"https:\/\/api.w.org\/{rel}","templated":true}]}}